{"id":3363,"date":"2023-04-05T16:39:00","date_gmt":"2023-04-05T16:39:00","guid":{"rendered":"http:\/\/highervibrationsnow.com\/?page_id=3363"},"modified":"2023-06-21T13:03:14","modified_gmt":"2023-06-21T13:03:14","slug":"el-libro-de-la-vida","status":"publish","type":"page","link":"http:\/\/highervibrationsnow.com\/?page_id=3363","title":{"rendered":"El Libro de la Vida"},"content":{"rendered":"\n<figure class=\"wp-block-image size-full\"><a href=\"https:\/\/highervibrationsnow.com\/wp-content\/uploads\/2023\/04\/Portada.jpg\"><img loading=\"lazy\" decoding=\"async\" width=\"620\" height=\"753\" src=\"https:\/\/highervibrationsnow.com\/wp-content\/uploads\/2023\/04\/Portada.jpg\" alt=\"\" class=\"wp-image-3367\" srcset=\"http:\/\/highervibrationsnow.com\/wp-content\/uploads\/2023\/04\/Portada.jpg 620w, http:\/\/highervibrationsnow.com\/wp-content\/uploads\/2023\/04\/Portada-250x304.jpg 250w, http:\/\/highervibrationsnow.com\/wp-content\/uploads\/2023\/04\/Portada-120x146.jpg 120w\" sizes=\"auto, (max-width: 620px) 100vw, 620px\" \/><\/a><\/figure>\n\n\n\n<p>Muchas gracias por su inter\u00e9s en este material. Si desea escuchar una muestra del libro antes de adquirirlo, puede escuchar o descargar el \u00cdndice de Contenido y la Sinopsis, de lo contrario puede ir al final de esta p\u00e1gina donde encontrar\u00e1 las opciones de compra.<\/p>\n\n\n\n<p>\u00cdndice de Contenido<\/p>\n\n\n\n<figure class=\"wp-block-audio\"><audio controls src=\"https:\/\/highervibrationsnow.com\/wp-content\/uploads\/2023\/04\/2-Contenido.mp3\"><\/audio><\/figure>\n\n\n\n<p>Sinopsis<\/p>\n\n\n\n<figure class=\"wp-block-audio\"><audio controls src=\"https:\/\/highervibrationsnow.com\/wp-content\/uploads\/2023\/04\/3-Sinopsis.mp3\"><\/audio><\/figure>\n\n\n\n<div class=\"wp-block-file\"><a id=\"wp-block-file--media-03036fc1-a7ec-4cda-a306-bd368a45270d\" href=\"https:\/\/highervibrationsnow.com\/wp-content\/uploads\/2023\/04\/2-Contenido.doc\">2-Contenido<\/a><a href=\"https:\/\/highervibrationsnow.com\/wp-content\/uploads\/2023\/04\/2-Contenido.doc\" class=\"wp-block-file__button wp-element-button\" download aria-describedby=\"wp-block-file--media-03036fc1-a7ec-4cda-a306-bd368a45270d\">Download<\/a><\/div>\n\n\n\n<p> <\/p>\n\n\n\n<p class=\"has-black-color has-text-color has-medium-font-size\"><strong>El Libro de la Vida es un audiolibro          Valor $375 pesos mexicanos<\/strong><\/p>\n\n\n\n<p><\/p>\n\n\n\n<p><strong>Opciones de Compra<\/strong><\/p>\n\n\n\n<ol class=\"wp-block-list\">\n<li><strong>Paypal<\/strong> &#8211; Acceda a su cuenta de Paypal y env\u00ede a lizaguilera@yahoo.com su pago por la cantidad de $375 pesos mexicanos. Posteriormente env\u00ede el comprobante de su pago por correo electr\u00f3nico a esa misma direcci\u00f3n (lizaguilera@yahoo.com) para recibir el enlace que le da acceso a los archivos de audio.<\/li>\n\n\n\n<li><strong>Dep\u00f3sito \/ Transferencia bancaria<\/strong> &#8211; Si lo prefiere, puede realizar dep\u00f3sito o transferencia por $375 pesos mexicanos directamente a la cuenta bancaria mexicana que abajo se incluye. Posteriormente env\u00ede su comprobante de pago por correo electr\u00f3nico a lizaguilera@yahoo.com y recibir\u00e1 por ese mismo medio el enlace que le da acceso a los archivos de audio.<\/li>\n<\/ol>\n\n\n\n<figure class=\"wp-block-image size-full\"><a href=\"https:\/\/highervibrationsnow.com\/wp-content\/uploads\/2023\/05\/Numero-de-cuenta-2.jpg\"><img loading=\"lazy\" decoding=\"async\" width=\"464\" height=\"210\" src=\"https:\/\/highervibrationsnow.com\/wp-content\/uploads\/2023\/05\/Numero-de-cuenta-2.jpg\" alt=\"\" class=\"wp-image-3460\" srcset=\"http:\/\/highervibrationsnow.com\/wp-content\/uploads\/2023\/05\/Numero-de-cuenta-2.jpg 464w, http:\/\/highervibrationsnow.com\/wp-content\/uploads\/2023\/05\/Numero-de-cuenta-2-250x113.jpg 250w, http:\/\/highervibrationsnow.com\/wp-content\/uploads\/2023\/05\/Numero-de-cuenta-2-120x54.jpg 120w\" sizes=\"auto, (max-width: 464px) 100vw, 464px\" \/><\/a><\/figure>\n\n\n\n<p>                                                                                                                                                   <\/p>\n\n\n\n<p> <\/p>\n\n\n\n<p> <\/p>\n\n\n\n<p><\/p>\n\n\n\n<p><\/p>\n","protected":false},"excerpt":{"rendered":"<p>Muchas gracias por su inter\u00e9s en este material. Si desea escuchar una muestra del libro antes de adquirirlo, puede escuchar o descargar el \u00cdndice de Contenido y la Sinopsis, de lo contrario puede ir al final de esta p\u00e1gina donde encontrar\u00e1 las opciones de compra. \u00cdndice de Contenido Sinopsis El Libro de la Vida es [&hellip;]<\/p>\n","protected":false},"author":1,"featured_media":0,"parent":610,"menu_order":6,"comment_status":"closed","ping_status":"closed","template":"tmpl-full-width.php","meta":{"footnotes":""},"class_list":["post-3363","page","type-page","status-publish","hentry"],"_links":{"self":[{"href":"http:\/\/highervibrationsnow.com\/index.php?rest_route=\/wp\/v2\/pages\/3363","targetHints":{"allow":["GET"]}}],"collection":[{"href":"http:\/\/highervibrationsnow.com\/index.php?rest_route=\/wp\/v2\/pages"}],"about":[{"href":"http:\/\/highervibrationsnow.com\/index.php?rest_route=\/wp\/v2\/types\/page"}],"author":[{"embeddable":true,"href":"http:\/\/highervibrationsnow.com\/index.php?rest_route=\/wp\/v2\/users\/1"}],"replies":[{"embeddable":true,"href":"http:\/\/highervibrationsnow.com\/index.php?rest_route=%2Fwp%2Fv2%2Fcomments&post=3363"}],"version-history":[{"count":17,"href":"http:\/\/highervibrationsnow.com\/index.php?rest_route=\/wp\/v2\/pages\/3363\/revisions"}],"predecessor-version":[{"id":3478,"href":"http:\/\/highervibrationsnow.com\/index.php?rest_route=\/wp\/v2\/pages\/3363\/revisions\/3478"}],"up":[{"embeddable":true,"href":"http:\/\/highervibrationsnow.com\/index.php?rest_route=\/wp\/v2\/pages\/610"}],"wp:attachment":[{"href":"http:\/\/highervibrationsnow.com\/index.php?rest_route=%2Fwp%2Fv2%2Fmedia&parent=3363"}],"curies":[{"name":"wp","href":"https:\/\/api.w.org\/{rel}","templated":true}]}}